{"id":49,"date":"2019-11-08T09:14:08","date_gmt":"2019-11-08T08:14:08","guid":{"rendered":"http:\/\/sfawrekla.com\/?page_id=49"},"modified":"2019-11-08T09:18:58","modified_gmt":"2019-11-08T08:18:58","slug":"acces","status":"publish","type":"page","link":"https:\/\/sfawrekla.com\/index.php\/acces\/","title":{"rendered":"Acc\u00e8s"},"content":{"rendered":"\n<p style=\"text-align:center\">6 rue erlenbach 68380 Breitenbach Haut-rhin<\/p>\n\n\n\n<p style=\"text-align:center\">Coordonn\u00e9es GPS \/ 48\u00b001\u201919.2\u2033N 7\u00b006\u201906.6\u2033E<\/p>\n\n\n<p><iframe loading=\"lazy\" src=\"https:\/\/www.google.com\/maps\/embed?pb=!1m18!1m12!1m3!1d2668.5818845280182!2d7.0995729516706705!3d48.02178726709461!2m3!1f0!2f0!3f0!3m2!1i1024!2i768!4f13.1!3m3!1m2!1s0x4793d9df0e929791%3A0x722f81613aa4968!2s6%20Rue%20Erlenbach%2C%2068380%20Breitenbach-Haut-Rhin!5e0!3m2!1sfr!2sfr!4v1573200962020!5m2!1sfr!2sfr\" width=\"800\" height=\"600\" frameborder=\"0\" style=\"border:0;\" allowfullscreen=\"\"><\/iframe><\/p>\n\n\n\n<p><\/p>\n\n\n\n<p><strong>Acc\u00e8s en  voiture :<\/strong> 6 places de parking sur place dont 1 pour les personnes \u00e0 mobilit\u00e9 r\u00e9duite. Parking \u00e0 proximit\u00e9 du lieu, plus d&#8217;une dizaine de place sur la Grand-rue qui se prolonge sur la rue erlenbach. <\/p>\n\n\n\n<p><\/p>\n\n\n\n<p><strong>Acc\u00e8s \u00e0 pied<\/strong> depuis la gare de Breitenbach 10 minutes, 2 minutes en voiture. Ligne Colmar\/Metz\u00e9ral<\/p>\n\n\n\n<p><\/p>\n\n\n\n<p><strong>Acc\u00e8s \u00e0 v\u00e9lo <\/strong>par piste cyclable balis\u00e9e depuis Colmar sans emprunter les axes routiers.<\/p>\n","protected":false},"excerpt":{"rendered":"<p>6 rue erlenbach 68380 Breitenbach Haut-rhin Coordonn\u00e9es GPS \/ 48\u00b001\u201919.2\u2033N 7\u00b006\u201906.6\u2033E Acc\u00e8s en voiture : 6 places de parking sur place dont 1 pour les personnes \u00e0 mobilit\u00e9 r\u00e9duite. Parking \u00e0 proximit\u00e9 du lieu, plus d&#8217;une dizaine de place sur la Grand-rue qui se prolonge sur la rue erlenbach. Acc\u00e8s \u00e0 pied depuis la gare &hellip; <a href=\"https:\/\/sfawrekla.com\/index.php\/acces\/\" class=\"more-link\">Continue reading <span class=\"screen-reader-text\">Acc\u00e8s<\/span><\/a><\/p>\n","protected":false},"author":1,"featured_media":0,"parent":0,"menu_order":0,"comment_status":"closed","ping_status":"closed","template":"","meta":{"advanced_seo_description":"","jetpack_seo_html_title":"","jetpack_seo_noindex":false,"footnotes":""},"jetpack_sharing_enabled":true,"_links":{"self":[{"href":"https:\/\/sfawrekla.com\/index.php\/wp-json\/wp\/v2\/pages\/49"}],"collection":[{"href":"https:\/\/sfawrekla.com\/index.php\/wp-json\/wp\/v2\/pages"}],"about":[{"href":"https:\/\/sfawrekla.com\/index.php\/wp-json\/wp\/v2\/types\/page"}],"author":[{"embeddable":true,"href":"https:\/\/sfawrekla.com\/index.php\/wp-json\/wp\/v2\/users\/1"}],"replies":[{"embeddable":true,"href":"https:\/\/sfawrekla.com\/index.php\/wp-json\/wp\/v2\/comments?post=49"}],"version-history":[{"count":4,"href":"https:\/\/sfawrekla.com\/index.php\/wp-json\/wp\/v2\/pages\/49\/revisions"}],"predecessor-version":[{"id":55,"href":"https:\/\/sfawrekla.com\/index.php\/wp-json\/wp\/v2\/pages\/49\/revisions\/55"}],"wp:attachment":[{"href":"https:\/\/sfawrekla.com\/index.php\/wp-json\/wp\/v2\/media?parent=49"}],"curies":[{"name":"wp","href":"https:\/\/api.w.org\/{rel}","templated":true}]}}